{"id":5178,"date":"2024-02-23T14:20:32","date_gmt":"2024-02-23T13:20:32","guid":{"rendered":"https:\/\/2024.staatsverein.ch\/?page_id=5178"},"modified":"2024-04-23T20:04:10","modified_gmt":"2024-04-23T18:04:10","slug":"weiter-sponsoren","status":"publish","type":"page","link":"https:\/\/2024.staatsverein.ch\/index.php\/weiter-sponsoren\/","title":{"rendered":"Weiter Sponsoren"},"content":{"rendered":"\t\t<div data-elementor-type=\"wp-page\" data-elementor-id=\"5178\" class=\"elementor elementor-5178\" data-elementor-post-type=\"page\">\n\t\t\t\t\t\t<section class=\"elementor-section elementor-top-section elementor-element elementor-element-528555e elementor-section-boxed elementor-section-height-default elementor-section-height-default\" data-id=\"528555e\" data-element_type=\"section\">\n\t\t\t\t\t\t<div class=\"elementor-container elementor-column-gap-default\">\n\t\t\t\t\t<div class=\"elementor-column elementor-col-100 elementor-top-column elementor-element elementor-element-5a259bb\" data-id=\"5a259bb\" data-element_type=\"column\">\n\t\t\t<div class=\"elementor-widget-wrap elementor-element-populated\">\n\t\t\t\t\t\t<div class=\"elementor-element elementor-element-0d44208 elementor-widget elementor-widget-heading\" data-id=\"0d44208\" data-element_type=\"widget\" data-widget_type=\"heading.default\">\n\t\t\t\t<div class=\"elementor-widget-container\">\n\t\t\t\t\t<h2 class=\"elementor-heading-title elementor-size-default\">Weiter Sponsoren<\/h2>\t\t\t\t<\/div>\n\t\t\t\t<\/div>\n\t\t\t\t\t<\/div>\n\t\t<\/div>\n\t\t\t\t\t<\/div>\n\t\t<\/section>\n\t\t\t\t<section class=\"elementor-section elementor-top-section elementor-element elementor-element-18b8d01 elementor-section-boxed elementor-section-height-default elementor-section-height-default\" data-id=\"18b8d01\" data-element_type=\"section\">\n\t\t\t\t\t\t<div class=\"elementor-container elementor-column-gap-default\">\n\t\t\t\t\t<div class=\"elementor-column elementor-col-100 elementor-top-column elementor-element elementor-element-1a93f92\" data-id=\"1a93f92\" data-element_type=\"column\">\n\t\t\t<div class=\"elementor-widget-wrap elementor-element-populated\">\n\t\t\t\t\t\t<div class=\"elementor-element elementor-element-c011e53 elementor-widget elementor-widget-text-editor\" data-id=\"c011e53\" data-element_type=\"widget\" data-widget_type=\"text-editor.default\">\n\t\t\t\t<div class=\"elementor-widget-container\">\n\t\t\t\t\t\t\t\t\t<p>An dieser Stelle m\u00f6chten wir unseren weiteren Sponsoren herzlichst danken f\u00fcr die grossz\u00fcgige Leistung f\u00fcr unseren Verein. Ohne euch k\u00f6nnten wir unser letztes Jahr nicht so sch\u00f6n gestalten.\u00a0<\/p><p>Wir danken:<\/p>\t\t\t\t\t\t\t\t<\/div>\n\t\t\t\t<\/div>\n\t\t\t\t<div class=\"elementor-element elementor-element-c9711df elementor-widget-divider--view-line elementor-widget elementor-widget-divider\" data-id=\"c9711df\" data-element_type=\"widget\" data-widget_type=\"divider.default\">\n\t\t\t\t<div class=\"elementor-widget-container\">\n\t\t\t\t\t\t\t<div class=\"elementor-divider\">\n\t\t\t<span class=\"elementor-divider-separator\">\n\t\t\t\t\t\t<\/span>\n\t\t<\/div>\n\t\t\t\t\t\t<\/div>\n\t\t\t\t<\/div>\n\t\t\t\t\t<\/div>\n\t\t<\/div>\n\t\t\t\t\t<\/div>\n\t\t<\/section>\n\t\t\t\t<section class=\"elementor-section elementor-top-section elementor-element elementor-element-96928d4 elementor-section-boxed elementor-section-height-default elementor-section-height-default\" data-id=\"96928d4\" data-element_type=\"section\">\n\t\t\t\t\t\t<div class=\"elementor-container elementor-column-gap-default\">\n\t\t\t\t\t<div class=\"elementor-column elementor-col-100 elementor-top-column elementor-element elementor-element-e9caa6a\" data-id=\"e9caa6a\" data-element_type=\"column\">\n\t\t\t<div class=\"elementor-widget-wrap elementor-element-populated\">\n\t\t\t\t\t\t<div class=\"elementor-element elementor-element-ce6d6c5 elementor-widget elementor-widget-text-editor\" data-id=\"ce6d6c5\" data-element_type=\"widget\" data-widget_type=\"text-editor.default\">\n\t\t\t\t<div class=\"elementor-widget-container\">\n\t\t\t\t\t\t\t\t\t<p><img decoding=\"async\" src=\"https:\/\/assets-global.website-files.com\/5e4bd1573a237e0316c8f7a2\/5e4bd1573a237ecec9c8f7e8_Logo%20AT.png\" alt=\"\" width=\"330\"><\/p>\n<p>\u00c4RZTE TREUHAND THOMAS &amp; KLARA BUCHER<br>Seestrasse 33<br>8702 Zollikon<\/p>\t\t\t\t\t\t\t\t<\/div>\n\t\t\t\t<\/div>\n\t\t\t\t\t<\/div>\n\t\t<\/div>\n\t\t\t\t\t<\/div>\n\t\t<\/section>\n\t\t\t\t<section class=\"elementor-section elementor-top-section elementor-element elementor-element-c13786e elementor-section-boxed elementor-section-height-default elementor-section-height-default\" data-id=\"c13786e\" data-element_type=\"section\">\n\t\t\t\t\t\t<div class=\"elementor-container elementor-column-gap-default\">\n\t\t\t\t\t<div class=\"elementor-column elementor-col-100 elementor-top-column elementor-element elementor-element-ea7c2a9\" data-id=\"ea7c2a9\" data-element_type=\"column\">\n\t\t\t<div class=\"elementor-widget-wrap elementor-element-populated\">\n\t\t\t\t\t\t<div class=\"elementor-element elementor-element-6452d03 elementor-widget-divider--view-line elementor-widget elementor-widget-divider\" data-id=\"6452d03\" data-element_type=\"widget\" data-widget_type=\"divider.default\">\n\t\t\t\t<div class=\"elementor-widget-container\">\n\t\t\t\t\t\t\t<div class=\"elementor-divider\">\n\t\t\t<span class=\"elementor-divider-separator\">\n\t\t\t\t\t\t<\/span>\n\t\t<\/div>\n\t\t\t\t\t\t<\/div>\n\t\t\t\t<\/div>\n\t\t\t\t<div class=\"elementor-element elementor-element-35b56a0 elementor-widget elementor-widget-image\" data-id=\"35b56a0\" data-element_type=\"widget\" data-widget_type=\"image.default\">\n\t\t\t\t<div class=\"elementor-widget-container\">\n\t\t\t\t\t\t\t\t\t\t\t\t\t\t\t<img fetchpriority=\"high\" decoding=\"async\" width=\"920\" height=\"124\" src=\"https:\/\/2024.staatsverein.ch\/wp-content\/uploads\/2024\/02\/IV-1024x138.jpg\" class=\"attachment-large size-large wp-image-5225\" alt=\"\" srcset=\"https:\/\/2024.staatsverein.ch\/wp-content\/uploads\/2024\/02\/IV-1024x138.jpg 1024w, https:\/\/2024.staatsverein.ch\/wp-content\/uploads\/2024\/02\/IV-300x40.jpg 300w, https:\/\/2024.staatsverein.ch\/wp-content\/uploads\/2024\/02\/IV-768x103.jpg 768w, https:\/\/2024.staatsverein.ch\/wp-content\/uploads\/2024\/02\/IV-1536x207.jpg 1536w, https:\/\/2024.staatsverein.ch\/wp-content\/uploads\/2024\/02\/IV-2048x276.jpg 2048w, https:\/\/2024.staatsverein.ch\/wp-content\/uploads\/2024\/02\/IV-600x81.jpg 600w\" sizes=\"(max-width: 920px) 100vw, 920px\" \/>\t\t\t\t\t\t\t\t\t\t\t\t\t\t\t<\/div>\n\t\t\t\t<\/div>\n\t\t\t\t\t<\/div>\n\t\t<\/div>\n\t\t\t\t\t<\/div>\n\t\t<\/section>\n\t\t\t\t<section class=\"elementor-section elementor-top-section elementor-element elementor-element-4bbe9d9 elementor-section-boxed elementor-section-height-default elementor-section-height-default\" data-id=\"4bbe9d9\" data-element_type=\"section\">\n\t\t\t\t\t\t<div class=\"elementor-container elementor-column-gap-default\">\n\t\t\t\t\t<div class=\"elementor-column elementor-col-100 elementor-top-column elementor-element elementor-element-634118f\" data-id=\"634118f\" data-element_type=\"column\">\n\t\t\t<div class=\"elementor-widget-wrap elementor-element-populated\">\n\t\t\t\t\t\t<div class=\"elementor-element elementor-element-c24e487 elementor-widget-divider--view-line elementor-widget elementor-widget-divider\" data-id=\"c24e487\" data-element_type=\"widget\" data-widget_type=\"divider.default\">\n\t\t\t\t<div class=\"elementor-widget-container\">\n\t\t\t\t\t\t\t<div class=\"elementor-divider\">\n\t\t\t<span class=\"elementor-divider-separator\">\n\t\t\t\t\t\t<\/span>\n\t\t<\/div>\n\t\t\t\t\t\t<\/div>\n\t\t\t\t<\/div>\n\t\t\t\t<div class=\"elementor-element elementor-element-9d17a90 elementor-widget elementor-widget-image\" data-id=\"9d17a90\" data-element_type=\"widget\" data-widget_type=\"image.default\">\n\t\t\t\t<div class=\"elementor-widget-container\">\n\t\t\t\t\t\t\t\t\t\t\t\t\t\t\t<img decoding=\"async\" width=\"920\" height=\"420\" src=\"https:\/\/2024.staatsverein.ch\/wp-content\/uploads\/2024\/02\/Valiant_4C-1024x467.jpg\" class=\"attachment-large size-large wp-image-5233\" alt=\"\" srcset=\"https:\/\/2024.staatsverein.ch\/wp-content\/uploads\/2024\/02\/Valiant_4C-1024x467.jpg 1024w, https:\/\/2024.staatsverein.ch\/wp-content\/uploads\/2024\/02\/Valiant_4C-300x137.jpg 300w, https:\/\/2024.staatsverein.ch\/wp-content\/uploads\/2024\/02\/Valiant_4C-768x350.jpg 768w, https:\/\/2024.staatsverein.ch\/wp-content\/uploads\/2024\/02\/Valiant_4C-1536x701.jpg 1536w, https:\/\/2024.staatsverein.ch\/wp-content\/uploads\/2024\/02\/Valiant_4C-600x274.jpg 600w, https:\/\/2024.staatsverein.ch\/wp-content\/uploads\/2024\/02\/Valiant_4C.jpg 1600w\" sizes=\"(max-width: 920px) 100vw, 920px\" \/>\t\t\t\t\t\t\t\t\t\t\t\t\t\t\t<\/div>\n\t\t\t\t<\/div>\n\t\t\t\t\t<\/div>\n\t\t<\/div>\n\t\t\t\t\t<\/div>\n\t\t<\/section>\n\t\t\t\t<section class=\"elementor-section elementor-top-section elementor-element elementor-element-26b95be elementor-section-boxed elementor-section-height-default elementor-section-height-default\" data-id=\"26b95be\" data-element_type=\"section\">\n\t\t\t\t\t\t<div class=\"elementor-container elementor-column-gap-default\">\n\t\t\t\t\t<div class=\"elementor-column elementor-col-100 elementor-top-column elementor-element elementor-element-404d0d6\" data-id=\"404d0d6\" data-element_type=\"column\">\n\t\t\t<div class=\"elementor-widget-wrap elementor-element-populated\">\n\t\t\t\t\t\t<div class=\"elementor-element elementor-element-f3faf15 elementor-widget-divider--view-line elementor-widget elementor-widget-divider\" data-id=\"f3faf15\" data-element_type=\"widget\" data-widget_type=\"divider.default\">\n\t\t\t\t<div class=\"elementor-widget-container\">\n\t\t\t\t\t\t\t<div class=\"elementor-divider\">\n\t\t\t<span class=\"elementor-divider-separator\">\n\t\t\t\t\t\t<\/span>\n\t\t<\/div>\n\t\t\t\t\t\t<\/div>\n\t\t\t\t<\/div>\n\t\t\t\t<div class=\"elementor-element elementor-element-bebca6f elementor-widget elementor-widget-image\" data-id=\"bebca6f\" data-element_type=\"widget\" data-widget_type=\"image.default\">\n\t\t\t\t<div class=\"elementor-widget-container\">\n\t\t\t\t\t\t\t\t\t\t\t\t\t\t\t<img decoding=\"async\" width=\"624\" height=\"130\" src=\"https:\/\/2024.staatsverein.ch\/wp-content\/uploads\/2024\/03\/Logo_Galexis_CMYK.jpg\" class=\"attachment-large size-large wp-image-5482\" alt=\"\" srcset=\"https:\/\/2024.staatsverein.ch\/wp-content\/uploads\/2024\/03\/Logo_Galexis_CMYK.jpg 624w, https:\/\/2024.staatsverein.ch\/wp-content\/uploads\/2024\/03\/Logo_Galexis_CMYK-300x63.jpg 300w, https:\/\/2024.staatsverein.ch\/wp-content\/uploads\/2024\/03\/Logo_Galexis_CMYK-600x125.jpg 600w\" sizes=\"(max-width: 624px) 100vw, 624px\" \/>\t\t\t\t\t\t\t\t\t\t\t\t\t\t\t<\/div>\n\t\t\t\t<\/div>\n\t\t\t\t<div class=\"elementor-element elementor-element-fce86d4 elementor-widget elementor-widget-text-editor\" data-id=\"fce86d4\" data-element_type=\"widget\" data-widget_type=\"text-editor.default\">\n\t\t\t\t<div class=\"elementor-widget-container\">\n\t\t\t\t\t\t\t\t\t<h3><span class=\"A3\" style=\"color: #211d1e;\"><span lang=\"DE-CH\" style=\"font-size: 18pt; font-family: Arial, sans-serif; font-weight: normal;\">Seit 1927 f\u00fcr Sie in Bewegung \u2013 das ist das Versprechen von Galexis, der Schweizer Marktf\u00fchrerin im Bereich Gesundheitslogistik. Ausgehend von unseren Distributionszentren in Niederbipp und Lausanne-Ecublens beliefern wir Sie landesweit und innert k\u00fcrzester Zeit mit dem gr\u00f6ssten Pharma- und Non-Pharma-Sortiment der Schweiz.\u00a0<\/span><\/span><\/h3>\t\t\t\t\t\t\t\t<\/div>\n\t\t\t\t<\/div>\n\t\t\t\t\t<\/div>\n\t\t<\/div>\n\t\t\t\t\t<\/div>\n\t\t<\/section>\n\t\t\t\t<section class=\"elementor-section elementor-top-section elementor-element elementor-element-eb8ceba elementor-section-boxed elementor-section-height-default elementor-section-height-default\" data-id=\"eb8ceba\" data-element_type=\"section\">\n\t\t\t\t\t\t<div class=\"elementor-container elementor-column-gap-default\">\n\t\t\t\t\t<div class=\"elementor-column elementor-col-100 elementor-top-column elementor-element elementor-element-2f831f2\" data-id=\"2f831f2\" data-element_type=\"column\">\n\t\t\t<div class=\"elementor-widget-wrap elementor-element-populated\">\n\t\t\t\t\t\t<div class=\"elementor-element elementor-element-f660b66 elementor-widget-divider--view-line elementor-widget elementor-widget-divider\" data-id=\"f660b66\" data-element_type=\"widget\" data-widget_type=\"divider.default\">\n\t\t\t\t<div class=\"elementor-widget-container\">\n\t\t\t\t\t\t\t<div class=\"elementor-divider\">\n\t\t\t<span class=\"elementor-divider-separator\">\n\t\t\t\t\t\t<\/span>\n\t\t<\/div>\n\t\t\t\t\t\t<\/div>\n\t\t\t\t<\/div>\n\t\t\t\t\t<\/div>\n\t\t<\/div>\n\t\t\t\t\t<\/div>\n\t\t<\/section>\n\t\t\t\t<section class=\"elementor-section elementor-top-section elementor-element elementor-element-6f6c6d8 elementor-section-boxed elementor-section-height-default elementor-section-height-default\" data-id=\"6f6c6d8\" data-element_type=\"section\">\n\t\t\t\t\t\t<div class=\"elementor-container elementor-column-gap-default\">\n\t\t\t\t\t<div class=\"elementor-column elementor-col-100 elementor-top-column elementor-element elementor-element-b3a0d83\" data-id=\"b3a0d83\" data-element_type=\"column\">\n\t\t\t<div class=\"elementor-widget-wrap elementor-element-populated\">\n\t\t\t\t\t\t<div class=\"elementor-element elementor-element-2f519d6 elementor-widget elementor-widget-image\" data-id=\"2f519d6\" data-element_type=\"widget\" data-widget_type=\"image.default\">\n\t\t\t\t<div class=\"elementor-widget-container\">\n\t\t\t\t\t\t\t\t\t\t\t\t\t\t\t<img loading=\"lazy\" decoding=\"async\" width=\"886\" height=\"136\" src=\"https:\/\/2024.staatsverein.ch\/wp-content\/uploads\/2024\/04\/AGZ_Logo_cmyk_75mm.jpg\" class=\"attachment-large size-large wp-image-5861\" alt=\"\" srcset=\"https:\/\/2024.staatsverein.ch\/wp-content\/uploads\/2024\/04\/AGZ_Logo_cmyk_75mm.jpg 886w, https:\/\/2024.staatsverein.ch\/wp-content\/uploads\/2024\/04\/AGZ_Logo_cmyk_75mm-300x46.jpg 300w, https:\/\/2024.staatsverein.ch\/wp-content\/uploads\/2024\/04\/AGZ_Logo_cmyk_75mm-768x118.jpg 768w, https:\/\/2024.staatsverein.ch\/wp-content\/uploads\/2024\/04\/AGZ_Logo_cmyk_75mm-600x92.jpg 600w\" sizes=\"(max-width: 886px) 100vw, 886px\" \/>\t\t\t\t\t\t\t\t\t\t\t\t\t\t\t<\/div>\n\t\t\t\t<\/div>\n\t\t\t\t<div class=\"elementor-element elementor-element-50621e3 elementor-widget-divider--view-line elementor-widget elementor-widget-divider\" data-id=\"50621e3\" data-element_type=\"widget\" data-widget_type=\"divider.default\">\n\t\t\t\t<div class=\"elementor-widget-container\">\n\t\t\t\t\t\t\t<div class=\"elementor-divider\">\n\t\t\t<span class=\"elementor-divider-separator\">\n\t\t\t\t\t\t<\/span>\n\t\t<\/div>\n\t\t\t\t\t\t<\/div>\n\t\t\t\t<\/div>\n\t\t\t\t\t<\/div>\n\t\t<\/div>\n\t\t\t\t\t<\/div>\n\t\t<\/section>\n\t\t\t\t<\/div>\n\t\t","protected":false},"excerpt":{"rendered":"<p>Weiter Sponsoren An dieser Stelle m\u00f6chten wir unseren weiteren Sponsoren herzlichst danken f\u00fcr die grossz\u00fcgige Leistung f\u00fcr unseren Verein. Ohne<\/p>\n<p><span class=\"more-link\"><a href=\"https:\/\/2024.staatsverein.ch\/index.php\/weiter-sponsoren\/\" class=\"readmore\">Continue reading<span class=\"screen-reader-text\">Weiter Sponsoren<\/span><\/a><\/span><\/p>\n","protected":false},"author":353,"featured_media":0,"parent":0,"menu_order":0,"comment_status":"closed","ping_status":"closed","template":"","meta":{"_monsterinsights_skip_tracking":false,"_monsterinsights_sitenote_active":false,"_monsterinsights_sitenote_note":"","_monsterinsights_sitenote_category":0,"footnotes":""},"class_list":["post-5178","page","type-page","status-publish","hentry"],"yoast_head":"<!-- This site is optimized with the Yoast SEO plugin v24.1 - https:\/\/yoast.com\/wordpress\/plugins\/seo\/ -->\n<title>Weiter Sponsoren - Staatsverein 2024<\/title>\n<meta name=\"robots\" content=\"index, follow, max-snippet:-1, max-image-preview:large, max-video-preview:-1\" \/>\n<link rel=\"canonical\" href=\"https:\/\/2024.staatsverein.ch\/index.php\/weiter-sponsoren\/\" \/>\n<meta property=\"og:locale\" content=\"de_DE\" \/>\n<meta property=\"og:type\" content=\"article\" \/>\n<meta property=\"og:title\" content=\"Weiter Sponsoren - Staatsverein 2024\" \/>\n<meta property=\"og:description\" content=\"Weiter Sponsoren An dieser Stelle m\u00f6chten wir unseren weiteren Sponsoren herzlichst danken f\u00fcr die grossz\u00fcgige Leistung f\u00fcr unseren Verein. OhneContinue readingWeiter Sponsoren\" \/>\n<meta property=\"og:url\" content=\"https:\/\/2024.staatsverein.ch\/index.php\/weiter-sponsoren\/\" \/>\n<meta property=\"og:site_name\" content=\"Staatsverein 2024\" \/>\n<meta property=\"article:modified_time\" content=\"2024-04-23T18:04:10+00:00\" \/>\n<meta property=\"og:image\" content=\"https:\/\/assets-global.website-files.com\/5e4bd1573a237e0316c8f7a2\/5e4bd1573a237ecec9c8f7e8_Logo%20AT.png\" \/>\n<meta name=\"twitter:card\" content=\"summary_large_image\" \/>\n<meta name=\"twitter:label1\" content=\"Gesch\u00e4tzte Lesezeit\" \/>\n\t<meta name=\"twitter:data1\" content=\"2\u00a0Minuten\" \/>\n<script type=\"application\/ld+json\" class=\"yoast-schema-graph\">{\"@context\":\"https:\/\/schema.org\",\"@graph\":[{\"@type\":\"WebPage\",\"@id\":\"https:\/\/2024.staatsverein.ch\/index.php\/weiter-sponsoren\/\",\"url\":\"https:\/\/2024.staatsverein.ch\/index.php\/weiter-sponsoren\/\",\"name\":\"Weiter Sponsoren - Staatsverein 2024\",\"isPartOf\":{\"@id\":\"https:\/\/2024.staatsverein.ch\/#website\"},\"primaryImageOfPage\":{\"@id\":\"https:\/\/2024.staatsverein.ch\/index.php\/weiter-sponsoren\/#primaryimage\"},\"image\":{\"@id\":\"https:\/\/2024.staatsverein.ch\/index.php\/weiter-sponsoren\/#primaryimage\"},\"thumbnailUrl\":\"https:\/\/assets-global.website-files.com\/5e4bd1573a237e0316c8f7a2\/5e4bd1573a237ecec9c8f7e8_Logo%20AT.png\",\"datePublished\":\"2024-02-23T13:20:32+00:00\",\"dateModified\":\"2024-04-23T18:04:10+00:00\",\"breadcrumb\":{\"@id\":\"https:\/\/2024.staatsverein.ch\/index.php\/weiter-sponsoren\/#breadcrumb\"},\"inLanguage\":\"de-CH\",\"potentialAction\":[{\"@type\":\"ReadAction\",\"target\":[\"https:\/\/2024.staatsverein.ch\/index.php\/weiter-sponsoren\/\"]}]},{\"@type\":\"ImageObject\",\"inLanguage\":\"de-CH\",\"@id\":\"https:\/\/2024.staatsverein.ch\/index.php\/weiter-sponsoren\/#primaryimage\",\"url\":\"https:\/\/assets-global.website-files.com\/5e4bd1573a237e0316c8f7a2\/5e4bd1573a237ecec9c8f7e8_Logo%20AT.png\",\"contentUrl\":\"https:\/\/assets-global.website-files.com\/5e4bd1573a237e0316c8f7a2\/5e4bd1573a237ecec9c8f7e8_Logo%20AT.png\"},{\"@type\":\"BreadcrumbList\",\"@id\":\"https:\/\/2024.staatsverein.ch\/index.php\/weiter-sponsoren\/#breadcrumb\",\"itemListElement\":[{\"@type\":\"ListItem\",\"position\":1,\"name\":\"Startseite\",\"item\":\"https:\/\/2024.staatsverein.ch\/\"},{\"@type\":\"ListItem\",\"position\":2,\"name\":\"Weiter Sponsoren\"}]},{\"@type\":\"WebSite\",\"@id\":\"https:\/\/2024.staatsverein.ch\/#website\",\"url\":\"https:\/\/2024.staatsverein.ch\/\",\"name\":\"Staatsverein 2024\",\"description\":\"\",\"publisher\":{\"@id\":\"https:\/\/2024.staatsverein.ch\/#organization\"},\"potentialAction\":[{\"@type\":\"SearchAction\",\"target\":{\"@type\":\"EntryPoint\",\"urlTemplate\":\"https:\/\/2024.staatsverein.ch\/?s={search_term_string}\"},\"query-input\":{\"@type\":\"PropertyValueSpecification\",\"valueRequired\":true,\"valueName\":\"search_term_string\"}}],\"inLanguage\":\"de-CH\"},{\"@type\":\"Organization\",\"@id\":\"https:\/\/2024.staatsverein.ch\/#organization\",\"name\":\"Z\u00fcrcher Staatsverein\",\"url\":\"https:\/\/2024.staatsverein.ch\/\",\"logo\":{\"@type\":\"ImageObject\",\"inLanguage\":\"de-CH\",\"@id\":\"https:\/\/2024.staatsverein.ch\/#\/schema\/logo\/image\/\",\"url\":\"https:\/\/2024.staatsverein.ch\/wp-content\/uploads\/2022\/11\/logo-ersatz-3.jpg\",\"contentUrl\":\"https:\/\/2024.staatsverein.ch\/wp-content\/uploads\/2022\/11\/logo-ersatz-3.jpg\",\"width\":1000,\"height\":1000,\"caption\":\"Z\u00fcrcher Staatsverein\"},\"image\":{\"@id\":\"https:\/\/2024.staatsverein.ch\/#\/schema\/logo\/image\/\"},\"sameAs\":[\"https:\/\/www.instagram.com\/zuercherstaatsvereine\/\"]}]}<\/script>\n<!-- \/ Yoast SEO plugin. -->","yoast_head_json":{"title":"Weiter Sponsoren - Staatsverein 2024","robots":{"index":"index","follow":"follow","max-snippet":"max-snippet:-1","max-image-preview":"max-image-preview:large","max-video-preview":"max-video-preview:-1"},"canonical":"https:\/\/2024.staatsverein.ch\/index.php\/weiter-sponsoren\/","og_locale":"de_DE","og_type":"article","og_title":"Weiter Sponsoren - Staatsverein 2024","og_description":"Weiter Sponsoren An dieser Stelle m\u00f6chten wir unseren weiteren Sponsoren herzlichst danken f\u00fcr die grossz\u00fcgige Leistung f\u00fcr unseren Verein. OhneContinue readingWeiter Sponsoren","og_url":"https:\/\/2024.staatsverein.ch\/index.php\/weiter-sponsoren\/","og_site_name":"Staatsverein 2024","article_modified_time":"2024-04-23T18:04:10+00:00","og_image":[{"url":"https:\/\/assets-global.website-files.com\/5e4bd1573a237e0316c8f7a2\/5e4bd1573a237ecec9c8f7e8_Logo%20AT.png","type":"","width":"","height":""}],"twitter_card":"summary_large_image","twitter_misc":{"Gesch\u00e4tzte Lesezeit":"2\u00a0Minuten"},"schema":{"@context":"https:\/\/schema.org","@graph":[{"@type":"WebPage","@id":"https:\/\/2024.staatsverein.ch\/index.php\/weiter-sponsoren\/","url":"https:\/\/2024.staatsverein.ch\/index.php\/weiter-sponsoren\/","name":"Weiter Sponsoren - Staatsverein 2024","isPartOf":{"@id":"https:\/\/2024.staatsverein.ch\/#website"},"primaryImageOfPage":{"@id":"https:\/\/2024.staatsverein.ch\/index.php\/weiter-sponsoren\/#primaryimage"},"image":{"@id":"https:\/\/2024.staatsverein.ch\/index.php\/weiter-sponsoren\/#primaryimage"},"thumbnailUrl":"https:\/\/assets-global.website-files.com\/5e4bd1573a237e0316c8f7a2\/5e4bd1573a237ecec9c8f7e8_Logo%20AT.png","datePublished":"2024-02-23T13:20:32+00:00","dateModified":"2024-04-23T18:04:10+00:00","breadcrumb":{"@id":"https:\/\/2024.staatsverein.ch\/index.php\/weiter-sponsoren\/#breadcrumb"},"inLanguage":"de-CH","potentialAction":[{"@type":"ReadAction","target":["https:\/\/2024.staatsverein.ch\/index.php\/weiter-sponsoren\/"]}]},{"@type":"ImageObject","inLanguage":"de-CH","@id":"https:\/\/2024.staatsverein.ch\/index.php\/weiter-sponsoren\/#primaryimage","url":"https:\/\/assets-global.website-files.com\/5e4bd1573a237e0316c8f7a2\/5e4bd1573a237ecec9c8f7e8_Logo%20AT.png","contentUrl":"https:\/\/assets-global.website-files.com\/5e4bd1573a237e0316c8f7a2\/5e4bd1573a237ecec9c8f7e8_Logo%20AT.png"},{"@type":"BreadcrumbList","@id":"https:\/\/2024.staatsverein.ch\/index.php\/weiter-sponsoren\/#breadcrumb","itemListElement":[{"@type":"ListItem","position":1,"name":"Startseite","item":"https:\/\/2024.staatsverein.ch\/"},{"@type":"ListItem","position":2,"name":"Weiter Sponsoren"}]},{"@type":"WebSite","@id":"https:\/\/2024.staatsverein.ch\/#website","url":"https:\/\/2024.staatsverein.ch\/","name":"Staatsverein 2024","description":"","publisher":{"@id":"https:\/\/2024.staatsverein.ch\/#organization"},"potentialAction":[{"@type":"SearchAction","target":{"@type":"EntryPoint","urlTemplate":"https:\/\/2024.staatsverein.ch\/?s={search_term_string}"},"query-input":{"@type":"PropertyValueSpecification","valueRequired":true,"valueName":"search_term_string"}}],"inLanguage":"de-CH"},{"@type":"Organization","@id":"https:\/\/2024.staatsverein.ch\/#organization","name":"Z\u00fcrcher Staatsverein","url":"https:\/\/2024.staatsverein.ch\/","logo":{"@type":"ImageObject","inLanguage":"de-CH","@id":"https:\/\/2024.staatsverein.ch\/#\/schema\/logo\/image\/","url":"https:\/\/2024.staatsverein.ch\/wp-content\/uploads\/2022\/11\/logo-ersatz-3.jpg","contentUrl":"https:\/\/2024.staatsverein.ch\/wp-content\/uploads\/2022\/11\/logo-ersatz-3.jpg","width":1000,"height":1000,"caption":"Z\u00fcrcher Staatsverein"},"image":{"@id":"https:\/\/2024.staatsverein.ch\/#\/schema\/logo\/image\/"},"sameAs":["https:\/\/www.instagram.com\/zuercherstaatsvereine\/"]}]}},"publishpress_future_action":{"enabled":false,"date":"2026-04-24 15:09:31","action":"change-status","newStatus":"draft","terms":[],"taxonomy":""},"publishpress_future_workflow_manual_trigger":{"enabledWorkflows":[]},"_links":{"self":[{"href":"https:\/\/2024.staatsverein.ch\/index.php\/wp-json\/wp\/v2\/pages\/5178","targetHints":{"allow":["GET"]}}],"collection":[{"href":"https:\/\/2024.staatsverein.ch\/index.php\/wp-json\/wp\/v2\/pages"}],"about":[{"href":"https:\/\/2024.staatsverein.ch\/index.php\/wp-json\/wp\/v2\/types\/page"}],"author":[{"embeddable":true,"href":"https:\/\/2024.staatsverein.ch\/index.php\/wp-json\/wp\/v2\/users\/353"}],"replies":[{"embeddable":true,"href":"https:\/\/2024.staatsverein.ch\/index.php\/wp-json\/wp\/v2\/comments?post=5178"}],"version-history":[{"count":15,"href":"https:\/\/2024.staatsverein.ch\/index.php\/wp-json\/wp\/v2\/pages\/5178\/revisions"}],"predecessor-version":[{"id":5866,"href":"https:\/\/2024.staatsverein.ch\/index.php\/wp-json\/wp\/v2\/pages\/5178\/revisions\/5866"}],"wp:attachment":[{"href":"https:\/\/2024.staatsverein.ch\/index.php\/wp-json\/wp\/v2\/media?parent=5178"}],"curies":[{"name":"wp","href":"https:\/\/api.w.org\/{rel}","templated":true}]}}