{"id":306,"date":"2022-11-06T16:55:31","date_gmt":"2022-11-06T16:55:31","guid":{"rendered":"https:\/\/2023.staatsverein.ch\/?page_id=306"},"modified":"2023-10-31T09:59:52","modified_gmt":"2023-10-31T08:59:52","slug":"staatsbar","status":"publish","type":"page","link":"https:\/\/2024.staatsverein.ch\/index.php\/staatsbar\/","title":{"rendered":"Staatsbar"},"content":{"rendered":"\t\t<div data-elementor-type=\"wp-page\" data-elementor-id=\"306\" class=\"elementor elementor-306\" data-elementor-post-type=\"page\">\n\t\t\t\t\t\t<section class=\"elementor-section elementor-top-section elementor-element elementor-element-3802b10 elementor-section-boxed elementor-section-height-default elementor-section-height-default\" data-id=\"3802b10\" data-element_type=\"section\">\n\t\t\t\t\t\t<div class=\"elementor-container elementor-column-gap-default\">\n\t\t\t\t\t<div class=\"elementor-column elementor-col-100 elementor-top-column elementor-element elementor-element-2a28555\" data-id=\"2a28555\" data-element_type=\"column\">\n\t\t\t<div class=\"elementor-widget-wrap elementor-element-populated\">\n\t\t\t\t\t\t<div class=\"elementor-element elementor-element-278a026 elementor-nav-menu__align-start elementor-nav-menu--dropdown-tablet elementor-nav-menu__text-align-aside elementor-widget elementor-widget-nav-menu\" data-id=\"278a026\" data-element_type=\"widget\" data-settings=\"{&quot;submenu_icon&quot;:{&quot;value&quot;:&quot;&lt;i class=\\&quot;\\&quot;&gt;&lt;\\\/i&gt;&quot;,&quot;library&quot;:&quot;&quot;},&quot;layout&quot;:&quot;horizontal&quot;}\" data-widget_type=\"nav-menu.default\">\n\t\t\t\t<div class=\"elementor-widget-container\">\n\t\t\t\t\t\t\t\t<nav aria-label=\"Menu\" class=\"elementor-nav-menu--main elementor-nav-menu__container elementor-nav-menu--layout-horizontal e--pointer-background e--animation-none\">\n\t\t\t\t<ul id=\"menu-1-278a026\" class=\"elementor-nav-menu\"><li class=\"menu-item menu-item-type-post_type menu-item-object-page menu-item-has-children menu-item-136\"><a href=\"https:\/\/2024.staatsverein.ch\/index.php\/staatsverein-2024\/\" class=\"elementor-item\">Staatsverein 2024<\/a>\n<ul class=\"sub-menu elementor-nav-menu--dropdown\">\n\t<li class=\"menu-item menu-item-type-post_type menu-item-object-page menu-item-106\"><a href=\"https:\/\/2024.staatsverein.ch\/index.php\/praesidium\/\" class=\"elementor-sub-item\">Vorstand<\/a><\/li>\n\t<li class=\"menu-item menu-item-type-post_type menu-item-object-page menu-item-365\"><a href=\"https:\/\/2024.staatsverein.ch\/index.php\/praesidium-2\/\" class=\"elementor-sub-item\">Pr\u00e4sidium<\/a><\/li>\n\t<li class=\"menu-item menu-item-type-post_type menu-item-object-page menu-item-356\"><a href=\"https:\/\/2024.staatsverein.ch\/index.php\/staatsparty\/\" class=\"elementor-sub-item\">Staatsparty<\/a><\/li>\n\t<li class=\"menu-item menu-item-type-post_type menu-item-object-page menu-item-359\"><a href=\"https:\/\/2024.staatsverein.ch\/index.php\/staatsbar\/\" class=\"elementor-sub-item\">Staatsbar<\/a><\/li>\n\t<li class=\"menu-item menu-item-type-post_type menu-item-object-page menu-item-360\"><a href=\"https:\/\/2024.staatsverein.ch\/index.php\/schnee-sport\/\" class=\"elementor-sub-item\">Schnee &#038; Sport<\/a><\/li>\n\t<li class=\"menu-item menu-item-type-post_type menu-item-object-page menu-item-357\"><a href=\"https:\/\/2024.staatsverein.ch\/index.php\/staatsfeier\/\" class=\"elementor-sub-item\">Staatsfeier<\/a><\/li>\n\t<li class=\"menu-item menu-item-type-post_type menu-item-object-page menu-item-358\"><a href=\"https:\/\/2024.staatsverein.ch\/index.php\/staatschor\/\" class=\"elementor-sub-item\">Staatschor<\/a><\/li>\n\t<li class=\"menu-item menu-item-type-post_type menu-item-object-page menu-item-354\"><a href=\"https:\/\/2024.staatsverein.ch\/index.php\/staatswein-bier\/\" class=\"elementor-sub-item\">Staatswein<\/a><\/li>\n\t<li class=\"menu-item menu-item-type-post_type menu-item-object-page menu-item-351\"><a href=\"https:\/\/2024.staatsverein.ch\/index.php\/tichu\/\" class=\"elementor-sub-item\">Tichu<\/a><\/li>\n\t<li class=\"menu-item menu-item-type-post_type menu-item-object-page menu-item-355\"><a href=\"https:\/\/2024.staatsverein.ch\/index.php\/staatsreise\/\" class=\"elementor-sub-item\">Staatsreise<\/a><\/li>\n\t<li class=\"menu-item menu-item-type-post_type menu-item-object-page menu-item-361\"><a href=\"https:\/\/2024.staatsverein.ch\/index.php\/jahrbuch\/\" class=\"elementor-sub-item\">Jahrbuch<\/a><\/li>\n\t<li class=\"menu-item menu-item-type-post_type menu-item-object-page menu-item-352\"><a href=\"https:\/\/2024.staatsverein.ch\/index.php\/chiropraktik\/\" class=\"elementor-sub-item\">Chiropraktik<\/a><\/li>\n\t<li class=\"menu-item menu-item-type-post_type menu-item-object-page menu-item-362\"><a href=\"https:\/\/2024.staatsverein.ch\/index.php\/merchandise\/\" class=\"elementor-sub-item\">Merchandise<\/a><\/li>\n\t<li class=\"menu-item menu-item-type-post_type menu-item-object-page menu-item-627\"><a href=\"https:\/\/2024.staatsverein.ch\/index.php\/revisorinnen\/\" class=\"elementor-sub-item\">Revisor:innen<\/a><\/li>\n\t<li class=\"menu-item menu-item-type-post_type menu-item-object-page menu-item-1940\"><a href=\"https:\/\/2024.staatsverein.ch\/index.php\/repetitionswoche\/\" class=\"elementor-sub-item\">Repetitionswoche<\/a><\/li>\n\t<li class=\"menu-item menu-item-type-post_type menu-item-object-page menu-item-353\"><a href=\"https:\/\/2024.staatsverein.ch\/index.php\/ressort-staatsexamen\/\" class=\"elementor-sub-item\">Ressort Staatsexamen<\/a><\/li>\n\t<li class=\"menu-item menu-item-type-post_type menu-item-object-page menu-item-1254\"><a href=\"https:\/\/2024.staatsverein.ch\/index.php\/sponsoring\/\" class=\"elementor-sub-item\">Sponsoring<\/a><\/li>\n\t<li class=\"menu-item menu-item-type-post_type menu-item-object-page menu-item-363\"><a href=\"https:\/\/2024.staatsverein.ch\/index.php\/finanzen\/\" class=\"elementor-sub-item\">Finanzen<\/a><\/li>\n\t<li class=\"menu-item menu-item-type-post_type menu-item-object-page menu-item-350\"><a href=\"https:\/\/2024.staatsverein.ch\/index.php\/instagram-web\/\" class=\"elementor-sub-item\">Web &#038; Insta<\/a><\/li>\n<\/ul>\n<\/li>\n<li class=\"menu-item menu-item-type-post_type menu-item-object-page menu-item-478\"><a href=\"https:\/\/2024.staatsverein.ch\/index.php\/news\/\" class=\"elementor-item\">News<\/a><\/li>\n<li class=\"menu-item menu-item-type-post_type menu-item-object-page menu-item-has-children menu-item-390\"><a href=\"https:\/\/2024.staatsverein.ch\/index.php\/ueber-uns\/\" class=\"elementor-item\">\u00dcber uns<\/a>\n<ul class=\"sub-menu elementor-nav-menu--dropdown\">\n\t<li class=\"menu-item menu-item-type-custom menu-item-object-custom menu-item-1347\"><a href=\"https:\/\/2024.staatsverein.ch\/wp-content\/uploads\/2022\/12\/Budget-fuer-Hompage.pdf\" class=\"elementor-sub-item\">Vereinsbudget Staatsverein 2023<\/a><\/li>\n\t<li class=\"menu-item menu-item-type-custom menu-item-object-custom menu-item-638\"><a href=\"https:\/\/2024.staatsverein.ch\/wp-content\/uploads\/2023\/10\/Statuten2024_unterschrieben.pdf\" class=\"elementor-sub-item\">Statuten<\/a><\/li>\n\t<li class=\"menu-item menu-item-type-post_type menu-item-object-page menu-item-392\"><a href=\"https:\/\/2024.staatsverein.ch\/index.php\/faq\/\" class=\"elementor-sub-item\">FAQ<\/a><\/li>\n\t<li class=\"menu-item menu-item-type-post_type menu-item-object-page menu-item-391\"><a href=\"https:\/\/2024.staatsverein.ch\/index.php\/kontakt\/\" class=\"elementor-sub-item\">Kontakt<\/a><\/li>\n\t<li class=\"menu-item menu-item-type-post_type menu-item-object-page menu-item-5183\"><a href=\"https:\/\/2024.staatsverein.ch\/index.php\/weiter-sponsoren\/\" class=\"elementor-sub-item\">Weiter Sponsoren<\/a><\/li>\n\t<li class=\"menu-item menu-item-type-post_type menu-item-object-page menu-item-privacy-policy menu-item-4755\"><a rel=\"privacy-policy\" href=\"https:\/\/2024.staatsverein.ch\/index.php\/datenschutzerklaerung\/\" class=\"elementor-sub-item\">Datenschutzerkl\u00e4rung<\/a><\/li>\n<\/ul>\n<\/li>\n<li class=\"menu-item menu-item-type-post_type menu-item-object-page menu-item-448\"><a href=\"https:\/\/2024.staatsverein.ch\/index.php\/kalender\/\" class=\"elementor-item\">Kalender<\/a><\/li>\n<\/ul>\t\t\t<\/nav>\n\t\t\t\t\t\t<nav class=\"elementor-nav-menu--dropdown elementor-nav-menu__container\" aria-hidden=\"true\">\n\t\t\t\t<ul id=\"menu-2-278a026\" class=\"elementor-nav-menu\"><li class=\"menu-item menu-item-type-post_type menu-item-object-page menu-item-has-children menu-item-136\"><a href=\"https:\/\/2024.staatsverein.ch\/index.php\/staatsverein-2024\/\" class=\"elementor-item\" tabindex=\"-1\">Staatsverein 2024<\/a>\n<ul class=\"sub-menu elementor-nav-menu--dropdown\">\n\t<li class=\"menu-item menu-item-type-post_type menu-item-object-page menu-item-106\"><a href=\"https:\/\/2024.staatsverein.ch\/index.php\/praesidium\/\" class=\"elementor-sub-item\" tabindex=\"-1\">Vorstand<\/a><\/li>\n\t<li class=\"menu-item menu-item-type-post_type menu-item-object-page menu-item-365\"><a href=\"https:\/\/2024.staatsverein.ch\/index.php\/praesidium-2\/\" class=\"elementor-sub-item\" tabindex=\"-1\">Pr\u00e4sidium<\/a><\/li>\n\t<li class=\"menu-item menu-item-type-post_type menu-item-object-page menu-item-356\"><a href=\"https:\/\/2024.staatsverein.ch\/index.php\/staatsparty\/\" class=\"elementor-sub-item\" tabindex=\"-1\">Staatsparty<\/a><\/li>\n\t<li class=\"menu-item menu-item-type-post_type menu-item-object-page menu-item-359\"><a href=\"https:\/\/2024.staatsverein.ch\/index.php\/staatsbar\/\" class=\"elementor-sub-item\" tabindex=\"-1\">Staatsbar<\/a><\/li>\n\t<li class=\"menu-item menu-item-type-post_type menu-item-object-page menu-item-360\"><a href=\"https:\/\/2024.staatsverein.ch\/index.php\/schnee-sport\/\" class=\"elementor-sub-item\" tabindex=\"-1\">Schnee &#038; Sport<\/a><\/li>\n\t<li class=\"menu-item menu-item-type-post_type menu-item-object-page menu-item-357\"><a href=\"https:\/\/2024.staatsverein.ch\/index.php\/staatsfeier\/\" class=\"elementor-sub-item\" tabindex=\"-1\">Staatsfeier<\/a><\/li>\n\t<li class=\"menu-item menu-item-type-post_type menu-item-object-page menu-item-358\"><a href=\"https:\/\/2024.staatsverein.ch\/index.php\/staatschor\/\" class=\"elementor-sub-item\" tabindex=\"-1\">Staatschor<\/a><\/li>\n\t<li class=\"menu-item menu-item-type-post_type menu-item-object-page menu-item-354\"><a href=\"https:\/\/2024.staatsverein.ch\/index.php\/staatswein-bier\/\" class=\"elementor-sub-item\" tabindex=\"-1\">Staatswein<\/a><\/li>\n\t<li class=\"menu-item menu-item-type-post_type menu-item-object-page menu-item-351\"><a href=\"https:\/\/2024.staatsverein.ch\/index.php\/tichu\/\" class=\"elementor-sub-item\" tabindex=\"-1\">Tichu<\/a><\/li>\n\t<li class=\"menu-item menu-item-type-post_type menu-item-object-page menu-item-355\"><a href=\"https:\/\/2024.staatsverein.ch\/index.php\/staatsreise\/\" class=\"elementor-sub-item\" tabindex=\"-1\">Staatsreise<\/a><\/li>\n\t<li class=\"menu-item menu-item-type-post_type menu-item-object-page menu-item-361\"><a href=\"https:\/\/2024.staatsverein.ch\/index.php\/jahrbuch\/\" class=\"elementor-sub-item\" tabindex=\"-1\">Jahrbuch<\/a><\/li>\n\t<li class=\"menu-item menu-item-type-post_type menu-item-object-page menu-item-352\"><a href=\"https:\/\/2024.staatsverein.ch\/index.php\/chiropraktik\/\" class=\"elementor-sub-item\" tabindex=\"-1\">Chiropraktik<\/a><\/li>\n\t<li class=\"menu-item menu-item-type-post_type menu-item-object-page menu-item-362\"><a href=\"https:\/\/2024.staatsverein.ch\/index.php\/merchandise\/\" class=\"elementor-sub-item\" tabindex=\"-1\">Merchandise<\/a><\/li>\n\t<li class=\"menu-item menu-item-type-post_type menu-item-object-page menu-item-627\"><a href=\"https:\/\/2024.staatsverein.ch\/index.php\/revisorinnen\/\" class=\"elementor-sub-item\" tabindex=\"-1\">Revisor:innen<\/a><\/li>\n\t<li class=\"menu-item menu-item-type-post_type menu-item-object-page menu-item-1940\"><a href=\"https:\/\/2024.staatsverein.ch\/index.php\/repetitionswoche\/\" class=\"elementor-sub-item\" tabindex=\"-1\">Repetitionswoche<\/a><\/li>\n\t<li class=\"menu-item menu-item-type-post_type menu-item-object-page menu-item-353\"><a href=\"https:\/\/2024.staatsverein.ch\/index.php\/ressort-staatsexamen\/\" class=\"elementor-sub-item\" tabindex=\"-1\">Ressort Staatsexamen<\/a><\/li>\n\t<li class=\"menu-item menu-item-type-post_type menu-item-object-page menu-item-1254\"><a href=\"https:\/\/2024.staatsverein.ch\/index.php\/sponsoring\/\" class=\"elementor-sub-item\" tabindex=\"-1\">Sponsoring<\/a><\/li>\n\t<li class=\"menu-item menu-item-type-post_type menu-item-object-page menu-item-363\"><a href=\"https:\/\/2024.staatsverein.ch\/index.php\/finanzen\/\" class=\"elementor-sub-item\" tabindex=\"-1\">Finanzen<\/a><\/li>\n\t<li class=\"menu-item menu-item-type-post_type menu-item-object-page menu-item-350\"><a href=\"https:\/\/2024.staatsverein.ch\/index.php\/instagram-web\/\" class=\"elementor-sub-item\" tabindex=\"-1\">Web &#038; Insta<\/a><\/li>\n<\/ul>\n<\/li>\n<li class=\"menu-item menu-item-type-post_type menu-item-object-page menu-item-478\"><a href=\"https:\/\/2024.staatsverein.ch\/index.php\/news\/\" class=\"elementor-item\" tabindex=\"-1\">News<\/a><\/li>\n<li class=\"menu-item menu-item-type-post_type menu-item-object-page menu-item-has-children menu-item-390\"><a href=\"https:\/\/2024.staatsverein.ch\/index.php\/ueber-uns\/\" class=\"elementor-item\" tabindex=\"-1\">\u00dcber uns<\/a>\n<ul class=\"sub-menu elementor-nav-menu--dropdown\">\n\t<li class=\"menu-item menu-item-type-custom menu-item-object-custom menu-item-1347\"><a href=\"https:\/\/2024.staatsverein.ch\/wp-content\/uploads\/2022\/12\/Budget-fuer-Hompage.pdf\" class=\"elementor-sub-item\" tabindex=\"-1\">Vereinsbudget Staatsverein 2023<\/a><\/li>\n\t<li class=\"menu-item menu-item-type-custom menu-item-object-custom menu-item-638\"><a href=\"https:\/\/2024.staatsverein.ch\/wp-content\/uploads\/2023\/10\/Statuten2024_unterschrieben.pdf\" class=\"elementor-sub-item\" tabindex=\"-1\">Statuten<\/a><\/li>\n\t<li class=\"menu-item menu-item-type-post_type menu-item-object-page menu-item-392\"><a href=\"https:\/\/2024.staatsverein.ch\/index.php\/faq\/\" class=\"elementor-sub-item\" tabindex=\"-1\">FAQ<\/a><\/li>\n\t<li class=\"menu-item menu-item-type-post_type menu-item-object-page menu-item-391\"><a href=\"https:\/\/2024.staatsverein.ch\/index.php\/kontakt\/\" class=\"elementor-sub-item\" tabindex=\"-1\">Kontakt<\/a><\/li>\n\t<li class=\"menu-item menu-item-type-post_type menu-item-object-page menu-item-5183\"><a href=\"https:\/\/2024.staatsverein.ch\/index.php\/weiter-sponsoren\/\" class=\"elementor-sub-item\" tabindex=\"-1\">Weiter Sponsoren<\/a><\/li>\n\t<li class=\"menu-item menu-item-type-post_type menu-item-object-page menu-item-privacy-policy menu-item-4755\"><a rel=\"privacy-policy\" href=\"https:\/\/2024.staatsverein.ch\/index.php\/datenschutzerklaerung\/\" class=\"elementor-sub-item\" tabindex=\"-1\">Datenschutzerkl\u00e4rung<\/a><\/li>\n<\/ul>\n<\/li>\n<li class=\"menu-item menu-item-type-post_type menu-item-object-page menu-item-448\"><a href=\"https:\/\/2024.staatsverein.ch\/index.php\/kalender\/\" class=\"elementor-item\" tabindex=\"-1\">Kalender<\/a><\/li>\n<\/ul>\t\t\t<\/nav>\n\t\t\t\t\t\t<\/div>\n\t\t\t\t<\/div>\n\t\t\t\t<div class=\"elementor-element elementor-element-edfb1bc elementor-widget elementor-widget-spacer\" data-id=\"edfb1bc\" data-element_type=\"widget\" data-widget_type=\"spacer.default\">\n\t\t\t\t<div class=\"elementor-widget-container\">\n\t\t\t\t\t\t\t<div class=\"elementor-spacer\">\n\t\t\t<div class=\"elementor-spacer-inner\"><\/div>\n\t\t<\/div>\n\t\t\t\t\t\t<\/div>\n\t\t\t\t<\/div>\n\t\t\t\t\t<\/div>\n\t\t<\/div>\n\t\t\t\t\t<\/div>\n\t\t<\/section>\n\t\t\t\t<section class=\"elementor-section elementor-top-section elementor-element elementor-element-3bd9c2e elementor-section-boxed elementor-section-height-default elementor-section-height-default\" data-id=\"3bd9c2e\" data-element_type=\"section\">\n\t\t\t\t\t\t<div class=\"elementor-container elementor-column-gap-default\">\n\t\t\t\t\t<div class=\"elementor-column elementor-col-100 elementor-top-column elementor-element elementor-element-0704a13\" data-id=\"0704a13\" data-element_type=\"column\">\n\t\t\t<div class=\"elementor-widget-wrap elementor-element-populated\">\n\t\t\t\t\t\t<div class=\"elementor-element elementor-element-7448e89 elementor-widget elementor-widget-heading\" data-id=\"7448e89\" data-element_type=\"widget\" data-widget_type=\"heading.default\">\n\t\t\t\t<div class=\"elementor-widget-container\">\n\t\t\t\t\t<h2 class=\"elementor-heading-title elementor-size-default\">Staatsbar<\/h2>\t\t\t\t<\/div>\n\t\t\t\t<\/div>\n\t\t\t\t\t<\/div>\n\t\t<\/div>\n\t\t\t\t\t<\/div>\n\t\t<\/section>\n\t\t\t\t<section class=\"elementor-section elementor-top-section elementor-element elementor-element-e1ef313 elementor-section-boxed elementor-section-height-default elementor-section-height-default\" data-id=\"e1ef313\" data-element_type=\"section\">\n\t\t\t\t\t\t<div class=\"elementor-container elementor-column-gap-default\">\n\t\t\t\t\t<div class=\"elementor-column elementor-col-100 elementor-top-column elementor-element elementor-element-129cd0b\" data-id=\"129cd0b\" data-element_type=\"column\">\n\t\t\t<div class=\"elementor-widget-wrap elementor-element-populated\">\n\t\t\t\t\t\t<div class=\"elementor-element elementor-element-ce4cc46 elementor-widget elementor-widget-text-editor\" data-id=\"ce4cc46\" data-element_type=\"widget\" data-widget_type=\"text-editor.default\">\n\t\t\t\t<div class=\"elementor-widget-container\">\n\t\t\t\t\t\t\t\t\t<p>Wir vom Ressort Staatsbar sind zust\u00e4ndig f\u00fcr die N\u00e4chte, an die sich keiner erinnert &#8211; mit Leuten, die wir nie vergessen werden.<\/p><p>An unseren Partys k\u00f6nnt ihr bei guter Musik und und Drinks zu artgerechten Studentenpreise. die Sorgen des Medizinstudiums vergessen und die guten Zeiten begiessen. Komm vorbei, f\u00fcr Mitglieder des Staatsvereins ist der Eintritt gratis!<\/p><p>1. Staatsbar am 8.12. im Dynamo, mehr Infos via @staatsbar auf Instagram.<\/p><p>Eure <br \/>Anke, Anni, Aja, Didi, Fabienne, Luca, Marina, Maxi, Simon und Yara<\/p>\t\t\t\t\t\t\t\t<\/div>\n\t\t\t\t<\/div>\n\t\t\t\t\t<\/div>\n\t\t<\/div>\n\t\t\t\t\t<\/div>\n\t\t<\/section>\n\t\t\t\t<\/div>\n\t\t","protected":false},"excerpt":{"rendered":"<p>Staatsbar Wir vom Ressort Staatsbar sind zust\u00e4ndig f\u00fcr die N\u00e4chte, an die sich keiner erinnert &#8211; mit Leuten, die wir<\/p>\n<p><span class=\"more-link\"><a href=\"https:\/\/2024.staatsverein.ch\/index.php\/staatsbar\/\" class=\"readmore\">Continue reading<span class=\"screen-reader-text\">Staatsbar<\/span><\/a><\/span><\/p>\n","protected":false},"author":6,"featured_media":0,"parent":0,"menu_order":0,"comment_status":"closed","ping_status":"closed","template":"","meta":{"_monsterinsights_skip_tracking":false,"_monsterinsights_sitenote_active":false,"_monsterinsights_sitenote_note":"","_monsterinsights_sitenote_category":0,"footnotes":""},"class_list":["post-306","page","type-page","status-publish","hentry"],"yoast_head":"<!-- This site is optimized with the Yoast SEO plugin v24.1 - https:\/\/yoast.com\/wordpress\/plugins\/seo\/ -->\n<title>Staatsbar - Staatsverein 2024<\/title>\n<meta name=\"robots\" content=\"index, follow, max-snippet:-1, max-image-preview:large, max-video-preview:-1\" \/>\n<link rel=\"canonical\" href=\"https:\/\/2024.staatsverein.ch\/index.php\/staatsbar\/\" \/>\n<meta property=\"og:locale\" content=\"de_DE\" \/>\n<meta property=\"og:type\" content=\"article\" \/>\n<meta property=\"og:title\" content=\"Staatsbar - Staatsverein 2024\" \/>\n<meta property=\"og:description\" content=\"Staatsbar Wir vom Ressort Staatsbar sind zust\u00e4ndig f\u00fcr die N\u00e4chte, an die sich keiner erinnert &#8211; mit Leuten, die wirContinue readingStaatsbar\" \/>\n<meta property=\"og:url\" content=\"https:\/\/2024.staatsverein.ch\/index.php\/staatsbar\/\" \/>\n<meta property=\"og:site_name\" content=\"Staatsverein 2024\" \/>\n<meta property=\"article:modified_time\" content=\"2023-10-31T08:59:52+00:00\" \/>\n<meta name=\"twitter:card\" content=\"summary_large_image\" \/>\n<meta name=\"twitter:label1\" content=\"Gesch\u00e4tzte Lesezeit\" \/>\n\t<meta name=\"twitter:data1\" content=\"1\u00a0Minute\" \/>\n<script type=\"application\/ld+json\" class=\"yoast-schema-graph\">{\"@context\":\"https:\/\/schema.org\",\"@graph\":[{\"@type\":\"WebPage\",\"@id\":\"https:\/\/2024.staatsverein.ch\/index.php\/staatsbar\/\",\"url\":\"https:\/\/2024.staatsverein.ch\/index.php\/staatsbar\/\",\"name\":\"Staatsbar - Staatsverein 2024\",\"isPartOf\":{\"@id\":\"https:\/\/2024.staatsverein.ch\/#website\"},\"datePublished\":\"2022-11-06T16:55:31+00:00\",\"dateModified\":\"2023-10-31T08:59:52+00:00\",\"breadcrumb\":{\"@id\":\"https:\/\/2024.staatsverein.ch\/index.php\/staatsbar\/#breadcrumb\"},\"inLanguage\":\"de-CH\",\"potentialAction\":[{\"@type\":\"ReadAction\",\"target\":[\"https:\/\/2024.staatsverein.ch\/index.php\/staatsbar\/\"]}]},{\"@type\":\"BreadcrumbList\",\"@id\":\"https:\/\/2024.staatsverein.ch\/index.php\/staatsbar\/#breadcrumb\",\"itemListElement\":[{\"@type\":\"ListItem\",\"position\":1,\"name\":\"Startseite\",\"item\":\"https:\/\/2024.staatsverein.ch\/\"},{\"@type\":\"ListItem\",\"position\":2,\"name\":\"Staatsbar\"}]},{\"@type\":\"WebSite\",\"@id\":\"https:\/\/2024.staatsverein.ch\/#website\",\"url\":\"https:\/\/2024.staatsverein.ch\/\",\"name\":\"Staatsverein 2024\",\"description\":\"\",\"publisher\":{\"@id\":\"https:\/\/2024.staatsverein.ch\/#organization\"},\"potentialAction\":[{\"@type\":\"SearchAction\",\"target\":{\"@type\":\"EntryPoint\",\"urlTemplate\":\"https:\/\/2024.staatsverein.ch\/?s={search_term_string}\"},\"query-input\":{\"@type\":\"PropertyValueSpecification\",\"valueRequired\":true,\"valueName\":\"search_term_string\"}}],\"inLanguage\":\"de-CH\"},{\"@type\":\"Organization\",\"@id\":\"https:\/\/2024.staatsverein.ch\/#organization\",\"name\":\"Z\u00fcrcher Staatsverein\",\"url\":\"https:\/\/2024.staatsverein.ch\/\",\"logo\":{\"@type\":\"ImageObject\",\"inLanguage\":\"de-CH\",\"@id\":\"https:\/\/2024.staatsverein.ch\/#\/schema\/logo\/image\/\",\"url\":\"https:\/\/2024.staatsverein.ch\/wp-content\/uploads\/2022\/11\/logo-ersatz-3.jpg\",\"contentUrl\":\"https:\/\/2024.staatsverein.ch\/wp-content\/uploads\/2022\/11\/logo-ersatz-3.jpg\",\"width\":1000,\"height\":1000,\"caption\":\"Z\u00fcrcher Staatsverein\"},\"image\":{\"@id\":\"https:\/\/2024.staatsverein.ch\/#\/schema\/logo\/image\/\"},\"sameAs\":[\"https:\/\/www.instagram.com\/zuercherstaatsvereine\/\"]}]}<\/script>\n<!-- \/ Yoast SEO plugin. -->","yoast_head_json":{"title":"Staatsbar - Staatsverein 2024","robots":{"index":"index","follow":"follow","max-snippet":"max-snippet:-1","max-image-preview":"max-image-preview:large","max-video-preview":"max-video-preview:-1"},"canonical":"https:\/\/2024.staatsverein.ch\/index.php\/staatsbar\/","og_locale":"de_DE","og_type":"article","og_title":"Staatsbar - Staatsverein 2024","og_description":"Staatsbar Wir vom Ressort Staatsbar sind zust\u00e4ndig f\u00fcr die N\u00e4chte, an die sich keiner erinnert &#8211; mit Leuten, die wirContinue readingStaatsbar","og_url":"https:\/\/2024.staatsverein.ch\/index.php\/staatsbar\/","og_site_name":"Staatsverein 2024","article_modified_time":"2023-10-31T08:59:52+00:00","twitter_card":"summary_large_image","twitter_misc":{"Gesch\u00e4tzte Lesezeit":"1\u00a0Minute"},"schema":{"@context":"https:\/\/schema.org","@graph":[{"@type":"WebPage","@id":"https:\/\/2024.staatsverein.ch\/index.php\/staatsbar\/","url":"https:\/\/2024.staatsverein.ch\/index.php\/staatsbar\/","name":"Staatsbar - Staatsverein 2024","isPartOf":{"@id":"https:\/\/2024.staatsverein.ch\/#website"},"datePublished":"2022-11-06T16:55:31+00:00","dateModified":"2023-10-31T08:59:52+00:00","breadcrumb":{"@id":"https:\/\/2024.staatsverein.ch\/index.php\/staatsbar\/#breadcrumb"},"inLanguage":"de-CH","potentialAction":[{"@type":"ReadAction","target":["https:\/\/2024.staatsverein.ch\/index.php\/staatsbar\/"]}]},{"@type":"BreadcrumbList","@id":"https:\/\/2024.staatsverein.ch\/index.php\/staatsbar\/#breadcrumb","itemListElement":[{"@type":"ListItem","position":1,"name":"Startseite","item":"https:\/\/2024.staatsverein.ch\/"},{"@type":"ListItem","position":2,"name":"Staatsbar"}]},{"@type":"WebSite","@id":"https:\/\/2024.staatsverein.ch\/#website","url":"https:\/\/2024.staatsverein.ch\/","name":"Staatsverein 2024","description":"","publisher":{"@id":"https:\/\/2024.staatsverein.ch\/#organization"},"potentialAction":[{"@type":"SearchAction","target":{"@type":"EntryPoint","urlTemplate":"https:\/\/2024.staatsverein.ch\/?s={search_term_string}"},"query-input":{"@type":"PropertyValueSpecification","valueRequired":true,"valueName":"search_term_string"}}],"inLanguage":"de-CH"},{"@type":"Organization","@id":"https:\/\/2024.staatsverein.ch\/#organization","name":"Z\u00fcrcher Staatsverein","url":"https:\/\/2024.staatsverein.ch\/","logo":{"@type":"ImageObject","inLanguage":"de-CH","@id":"https:\/\/2024.staatsverein.ch\/#\/schema\/logo\/image\/","url":"https:\/\/2024.staatsverein.ch\/wp-content\/uploads\/2022\/11\/logo-ersatz-3.jpg","contentUrl":"https:\/\/2024.staatsverein.ch\/wp-content\/uploads\/2022\/11\/logo-ersatz-3.jpg","width":1000,"height":1000,"caption":"Z\u00fcrcher Staatsverein"},"image":{"@id":"https:\/\/2024.staatsverein.ch\/#\/schema\/logo\/image\/"},"sameAs":["https:\/\/www.instagram.com\/zuercherstaatsvereine\/"]}]}},"publishpress_future_action":{"enabled":false,"date":"2026-04-24 14:55:45","action":"change-status","newStatus":"draft","terms":[],"taxonomy":""},"publishpress_future_workflow_manual_trigger":{"enabledWorkflows":[]},"_links":{"self":[{"href":"https:\/\/2024.staatsverein.ch\/index.php\/wp-json\/wp\/v2\/pages\/306","targetHints":{"allow":["GET"]}}],"collection":[{"href":"https:\/\/2024.staatsverein.ch\/index.php\/wp-json\/wp\/v2\/pages"}],"about":[{"href":"https:\/\/2024.staatsverein.ch\/index.php\/wp-json\/wp\/v2\/types\/page"}],"author":[{"embeddable":true,"href":"https:\/\/2024.staatsverein.ch\/index.php\/wp-json\/wp\/v2\/users\/6"}],"replies":[{"embeddable":true,"href":"https:\/\/2024.staatsverein.ch\/index.php\/wp-json\/wp\/v2\/comments?post=306"}],"version-history":[{"count":24,"href":"https:\/\/2024.staatsverein.ch\/index.php\/wp-json\/wp\/v2\/pages\/306\/revisions"}],"predecessor-version":[{"id":4643,"href":"https:\/\/2024.staatsverein.ch\/index.php\/wp-json\/wp\/v2\/pages\/306\/revisions\/4643"}],"wp:attachment":[{"href":"https:\/\/2024.staatsverein.ch\/index.php\/wp-json\/wp\/v2\/media?parent=306"}],"curies":[{"name":"wp","href":"https:\/\/api.w.org\/{rel}","templated":true}]}}